{"id":367,"date":"2023-10-05T08:34:23","date_gmt":"2023-10-05T06:34:23","guid":{"rendered":"https:\/\/lycee-jeanrostand.fr\/?page_id=367"},"modified":"2025-06-21T07:06:19","modified_gmt":"2025-06-21T05:06:19","slug":"ma-page","status":"publish","type":"page","link":"https:\/\/lycee-jeanrostand.fr\/","title":{"rendered":"Ma page"},"content":{"rendered":"\t\t<div data-elementor-type=\"wp-page\" data-elementor-id=\"367\" class=\"elementor elementor-367\">\n\t\t\t\t<div class=\"elementor-element elementor-element-6d9d943 e-flex e-con-boxed e-con e-parent\" data-id=\"6d9d943\" data-element_type=\"container\" data-e-type=\"container\" data-settings=\"{&quot;background_background&quot;:&quot;classic&quot;}\">\n\t\t\t\t\t<div class=\"e-con-inner\">\n\t\t\t\t<div class=\"elementor-element elementor-element-7627dce animated-slow elementor-invisible elementor-widget elementor-widget-heading\" data-id=\"7627dce\" data-element_type=\"widget\" data-e-type=\"widget\" data-settings=\"{&quot;_animation&quot;:&quot;fadeInDown&quot;}\" data-widget_type=\"heading.default\">\n\t\t\t\t<div class=\"elementor-widget-container\">\n\t\t\t\t\t<h2 class=\"elementor-heading-title elementor-size-default\">Bienvenue au lyc\u00e9e Jean Rostand<\/h2>\t\t\t\t<\/div>\n\t\t\t\t<\/div>\n\t\t\t\t\t<\/div>\n\t\t\t\t<\/div>\n\t\t<div class=\"elementor-element elementor-element-88e97e6 e-flex e-con-boxed e-con e-parent\" data-id=\"88e97e6\" data-element_type=\"container\" data-e-type=\"container\" data-settings=\"{&quot;background_background&quot;:&quot;slideshow&quot;,&quot;background_slideshow_gallery&quot;:[{&quot;id&quot;:294,&quot;url&quot;:&quot;http:\\\/\\\/lycee-jeanrostand.fr\\\/wp-content\\\/uploads\\\/2023\\\/10\\\/cropped-slide01-1-1.jpg&quot;},{&quot;id&quot;:268,&quot;url&quot;:&quot;http:\\\/\\\/lycee-jeanrostand.fr\\\/wp-content\\\/uploads\\\/1696\\\/48\\\/slide04.jpg&quot;},{&quot;id&quot;:469,&quot;url&quot;:&quot;http:\\\/\\\/lycee-jeanrostand.fr\\\/wp-content\\\/uploads\\\/2023\\\/10\\\/20211022_162456-1-e1635850189644.jpg&quot;},{&quot;id&quot;:468,&quot;url&quot;:&quot;http:\\\/\\\/lycee-jeanrostand.fr\\\/wp-content\\\/uploads\\\/2023\\\/10\\\/20211022_162445-e1635850155933-2.jpg&quot;},{&quot;id&quot;:715,&quot;url&quot;:&quot;http:\\\/\\\/lycee-jeanrostand.fr\\\/wp-content\\\/uploads\\\/2023\\\/10\\\/img2.jpg&quot;},{&quot;id&quot;:716,&quot;url&quot;:&quot;http:\\\/\\\/lycee-jeanrostand.fr\\\/wp-content\\\/uploads\\\/2023\\\/10\\\/img3.jpg&quot;}],&quot;shape_divider_top&quot;:&quot;arrow&quot;,&quot;background_slideshow_slide_duration&quot;:5000,&quot;background_slideshow_slide_transition&quot;:&quot;fade&quot;,&quot;background_slideshow_transition_duration&quot;:500}\">\n\t\t\t\t\t<div class=\"e-con-inner\">\n\t\t\t\t<div class=\"elementor-shape elementor-shape-top\" aria-hidden=\"true\" data-negative=\"false\">\n\t\t\t<svg xmlns=\"http:\/\/www.w3.org\/2000\/svg\" viewBox=\"0 0 700 10\" preserveAspectRatio=\"none\">\n\t<path class=\"elementor-shape-fill\" d=\"M350,10L340,0h20L350,10z\"\/>\n<\/svg>\t\t<\/div>\n\t\t\t\t\t<\/div>\n\t\t\t\t<\/div>\n\t\t<div class=\"elementor-element elementor-element-5c739b4 e-con-full e-flex e-con e-parent\" data-id=\"5c739b4\" data-element_type=\"container\" data-e-type=\"container\">\n\t\t<div class=\"elementor-element elementor-element-31697ef e-con-full e-flex e-con e-child\" data-id=\"31697ef\" data-element_type=\"container\" data-e-type=\"container\">\n\t\t\t\t<div class=\"elementor-element elementor-element-35d32f9 elementor-widget elementor-widget-text-editor\" data-id=\"35d32f9\" data-element_type=\"widget\" data-e-type=\"widget\" data-widget_type=\"text-editor.default\">\n\t\t\t\t<div class=\"elementor-widget-container\">\n\t\t\t\t\t\t\t\t\t<h4>Lyc\u00e9e Jean Rostand<\/h4><p data-start=\"153\" data-end=\"311\">Le lyc\u00e9e Jean Rostand est un \u00e9tablissement public situ\u00e9 \u00e0 Villepinte, qui propose une offre de formation riche et diversifi\u00e9e, adapt\u00e9e aux parcours de chacun.<\/p><p data-start=\"313\" data-end=\"331\">Vous y trouverez :<\/p><ul data-start=\"333\" data-end=\"763\"><li data-start=\"333\" data-end=\"431\"><p data-start=\"335\" data-end=\"431\"><strong data-start=\"335\" data-end=\"361\">Des fili\u00e8res g\u00e9n\u00e9rales<\/strong>, pour une formation polyvalente ouvrant sur l\u2019enseignement sup\u00e9rieur.<\/p><\/li><li data-start=\"432\" data-end=\"625\"><p data-start=\"434\" data-end=\"468\"><strong data-start=\"434\" data-end=\"464\">Deux s\u00e9ries technologiques<\/strong> :<\/p><ul data-start=\"471\" data-end=\"625\"><li data-start=\"471\" data-end=\"541\"><p data-start=\"473\" data-end=\"541\"><strong data-start=\"473\" data-end=\"481\">STMG<\/strong> (Sciences et Technologies du Management et de la Gestion)<\/p><\/li><li data-start=\"544\" data-end=\"625\"><p data-start=\"546\" data-end=\"625\"><strong data-start=\"546\" data-end=\"555\">STI2D<\/strong> (Sciences et Technologies de l\u2019Industrie et du D\u00e9veloppement Durable)<\/p><\/li><\/ul><\/li><li data-start=\"626\" data-end=\"763\"><p data-start=\"628\" data-end=\"763\"><strong data-start=\"628\" data-end=\"659\">Une section professionnelle<\/strong>, sp\u00e9cialis\u00e9e dans les <strong data-start=\"682\" data-end=\"701\">Microtechniques<\/strong>, pr\u00e9parant au <strong data-start=\"716\" data-end=\"746\">baccalaur\u00e9at professionnel<\/strong> dans ce domaine.<\/p><\/li><\/ul><p data-start=\"765\" data-end=\"833\">Le lyc\u00e9e propose \u00e9galement <strong data-start=\"792\" data-end=\"820\">deux formations post-bac<\/strong> en <strong data-start=\"824\" data-end=\"831\">BTS<\/strong> :<\/p><ul data-start=\"834\" data-end=\"970\"><li data-start=\"834\" data-end=\"903\"><p data-start=\"836\" data-end=\"903\"><strong data-start=\"836\" data-end=\"848\">BTS CIEL<\/strong> (Cybers\u00e9curit\u00e9, Informatique et R\u00e9seaux, \u00c9lectronique)<\/p><\/li><li data-start=\"904\" data-end=\"970\"><p data-start=\"906\" data-end=\"970\"><strong data-start=\"906\" data-end=\"917\">BTS CIM<\/strong> (Conception et Industrialisation en Microtechniques)<\/p><\/li><\/ul>\t\t\t\t\t\t\t\t<\/div>\n\t\t\t\t<\/div>\n\t\t\t\t<div class=\"elementor-element elementor-element-b2db0c0 elementor-widget elementor-widget-button\" data-id=\"b2db0c0\" data-element_type=\"widget\" data-e-type=\"widget\" data-widget_type=\"button.default\">\n\t\t\t\t<div class=\"elementor-widget-container\">\n\t\t\t\t\t\t\t\t\t<div class=\"elementor-button-wrapper\">\n\t\t\t\t\t<a class=\"elementor-button elementor-button-link elementor-size-sm\" href=\"#\">\n\t\t\t\t\t\t<span class=\"elementor-button-content-wrapper\">\n\t\t\t\t\t\t\t\t\t<span class=\"elementor-button-text\">D\u00e9couvrir<\/span>\n\t\t\t\t\t<\/span>\n\t\t\t\t\t<\/a>\n\t\t\t\t<\/div>\n\t\t\t\t\t\t\t\t<\/div>\n\t\t\t\t<\/div>\n\t\t\t\t<\/div>\n\t\t<div class=\"elementor-element elementor-element-c991114 e-flex e-con-boxed e-con e-child\" data-id=\"c991114\" data-element_type=\"container\" data-e-type=\"container\">\n\t\t\t\t\t<div class=\"e-con-inner\">\n\t\t\t\t<div class=\"elementor-element elementor-element-5644477 elementor-widget elementor-widget-image\" data-id=\"5644477\" data-element_type=\"widget\" data-e-type=\"widget\" data-widget_type=\"image.default\">\n\t\t\t\t<div class=\"elementor-widget-container\">\n\t\t\t\t\t\t\t\t\t\t\t\t\t\t\t<img fetchpriority=\"high\" decoding=\"async\" width=\"400\" height=\"300\" src=\"https:\/\/lycee-jeanrostand.fr\/wp-content\/uploads\/2023\/10\/20211022_091824-1-e1635850179450-2.jpg\" class=\"attachment-large size-large wp-image-467\" alt=\"\" srcset=\"https:\/\/lycee-jeanrostand.fr\/wp-content\/uploads\/2023\/10\/20211022_091824-1-e1635850179450-2.jpg 400w, https:\/\/lycee-jeanrostand.fr\/wp-content\/uploads\/2023\/10\/20211022_091824-1-e1635850179450-2-300x225.jpg 300w\" sizes=\"(max-width: 400px) 100vw, 400px\" \/>\t\t\t\t\t\t\t\t\t\t\t\t\t\t\t<\/div>\n\t\t\t\t<\/div>\n\t\t\t\t\t<\/div>\n\t\t\t\t<\/div>\n\t\t\t\t<\/div>\n\t\t<div class=\"elementor-element elementor-element-0260776 e-flex e-con-boxed e-con e-parent\" data-id=\"0260776\" data-element_type=\"container\" data-e-type=\"container\" data-settings=\"{&quot;background_background&quot;:&quot;classic&quot;}\">\n\t\t\t\t\t<div class=\"e-con-inner\">\n\t\t<div class=\"elementor-element elementor-element-06dd60f e-con-full e-flex e-con e-child\" data-id=\"06dd60f\" data-element_type=\"container\" data-e-type=\"container\">\n\t\t\t\t<div class=\"elementor-element elementor-element-eaa8d05 elementor-widget elementor-widget-counter\" data-id=\"eaa8d05\" data-element_type=\"widget\" data-e-type=\"widget\" data-settings=\"{&quot;_animation&quot;:&quot;none&quot;}\" data-widget_type=\"counter.default\">\n\t\t\t\t<div class=\"elementor-widget-container\">\n\t\t\t\t\t\t\t<div class=\"elementor-counter\">\n\t\t\t<div class=\"elementor-counter-title\">El\u00e8ves<\/div>\t\t\t<div class=\"elementor-counter-number-wrapper\">\n\t\t\t\t<span class=\"elementor-counter-number-prefix\"><\/span>\n\t\t\t\t<span class=\"elementor-counter-number\" data-duration=\"2000\" data-to-value=\"1349\" data-from-value=\"0\">0<\/span>\n\t\t\t\t<span class=\"elementor-counter-number-suffix\"><\/span>\n\t\t\t<\/div>\n\t\t<\/div>\n\t\t\t\t\t\t<\/div>\n\t\t\t\t<\/div>\n\t\t\t\t<\/div>\n\t\t<div class=\"elementor-element elementor-element-fb4bfbc e-con-full e-flex e-con e-child\" data-id=\"fb4bfbc\" data-element_type=\"container\" data-e-type=\"container\">\n\t\t\t\t<div class=\"elementor-element elementor-element-58af7b9 elementor-widget elementor-widget-counter\" data-id=\"58af7b9\" data-element_type=\"widget\" data-e-type=\"widget\" data-settings=\"{&quot;_animation&quot;:&quot;none&quot;}\" data-widget_type=\"counter.default\">\n\t\t\t\t<div class=\"elementor-widget-container\">\n\t\t\t\t\t\t\t<div class=\"elementor-counter\">\n\t\t\t<div class=\"elementor-counter-title\">Etudiants<\/div>\t\t\t<div class=\"elementor-counter-number-wrapper\">\n\t\t\t\t<span class=\"elementor-counter-number-prefix\"><\/span>\n\t\t\t\t<span class=\"elementor-counter-number\" data-duration=\"2000\" data-to-value=\"80\" data-from-value=\"0\">0<\/span>\n\t\t\t\t<span class=\"elementor-counter-number-suffix\"><\/span>\n\t\t\t<\/div>\n\t\t<\/div>\n\t\t\t\t\t\t<\/div>\n\t\t\t\t<\/div>\n\t\t\t\t<\/div>\n\t\t<div class=\"elementor-element elementor-element-bcb7372 e-con-full e-flex e-con e-child\" data-id=\"bcb7372\" data-element_type=\"container\" data-e-type=\"container\">\n\t\t\t\t<div class=\"elementor-element elementor-element-e5ee6a5 elementor-widget elementor-widget-counter\" data-id=\"e5ee6a5\" data-element_type=\"widget\" data-e-type=\"widget\" data-settings=\"{&quot;_animation&quot;:&quot;none&quot;}\" data-widget_type=\"counter.default\">\n\t\t\t\t<div class=\"elementor-widget-container\">\n\t\t\t\t\t\t\t<div class=\"elementor-counter\">\n\t\t\t<div class=\"elementor-counter-title\">Personnels<\/div>\t\t\t<div class=\"elementor-counter-number-wrapper\">\n\t\t\t\t<span class=\"elementor-counter-number-prefix\"><\/span>\n\t\t\t\t<span class=\"elementor-counter-number\" data-duration=\"2000\" data-to-value=\"160\" data-from-value=\"0\">0<\/span>\n\t\t\t\t<span class=\"elementor-counter-number-suffix\"><\/span>\n\t\t\t<\/div>\n\t\t<\/div>\n\t\t\t\t\t\t<\/div>\n\t\t\t\t<\/div>\n\t\t\t\t<\/div>\n\t\t\t\t\t<\/div>\n\t\t\t\t<\/div>\n\t\t<div class=\"elementor-element elementor-element-4bb0cb9 e-flex e-con-boxed e-con e-parent\" data-id=\"4bb0cb9\" data-element_type=\"container\" data-e-type=\"container\">\n\t\t\t\t\t<div class=\"e-con-inner\">\n\t\t<div class=\"elementor-element elementor-element-5c8f670 e-flex e-con-boxed e-con e-child\" data-id=\"5c8f670\" data-element_type=\"container\" data-e-type=\"container\">\n\t\t\t\t\t<div class=\"e-con-inner\">\n\t\t\t\t<div class=\"elementor-element elementor-element-3016dc5 elementor-widget elementor-widget-heading\" data-id=\"3016dc5\" data-element_type=\"widget\" data-e-type=\"widget\" data-widget_type=\"heading.default\">\n\t\t\t\t<div class=\"elementor-widget-container\">\n\t\t\t\t\t<h2 class=\"elementor-heading-title elementor-size-default\">Les actualit\u00e9s <\/h2>\t\t\t\t<\/div>\n\t\t\t\t<\/div>\n\t\t\t\t\t<\/div>\n\t\t\t\t<\/div>\n\t\t\t\t<div class=\"elementor-element elementor-element-b0a7baa elementor-grid-eael-col-3 elementor-grid-tablet-eael-col-2 elementor-grid-mobile-eael-col-1 elementor-invisible elementor-widget elementor-widget-eael-post-grid\" data-id=\"b0a7baa\" data-element_type=\"widget\" data-e-type=\"widget\" data-settings=\"{&quot;eael_post_grid_columns&quot;:&quot;eael-col-3&quot;,&quot;_animation&quot;:&quot;shake&quot;,&quot;eael_post_grid_columns_tablet&quot;:&quot;eael-col-2&quot;,&quot;eael_post_grid_columns_mobile&quot;:&quot;eael-col-1&quot;}\" data-widget_type=\"eael-post-grid.default\">\n\t\t\t\t<div class=\"elementor-widget-container\">\n\t\t\t\t\t<div id=\"eael-post-grid-b0a7baa\" class=\"eael-post-grid-container\">\n            <div class=\"eael-post-grid eael-post-appender eael-post-appender-b0a7baa eael-post-grid-style-two\" data-layout-mode=\"grid\"><article class=\"eael-grid-post eael-post-grid-column\" data-id=\"877\">\n        <div class=\"eael-grid-post-holder\">\n            <div class=\"eael-grid-post-holder-inner\"><div class=\"eael-entry-media\"><ul class=\"post-carousel-categories\"><li><a href=\"https:\/\/lycee-jeanrostand.fr\/index.php\/category\/non-classe\/\">Non class\u00e9<\/a><\/li><\/ul><div class=\"eael-entry-overlay fade-in\"><i class=\"fas fa-long-arrow-alt-right\" aria-hidden=\"true\"><\/i><a href=\"https:\/\/lycee-jeanrostand.fr\/index.php\/2026\/01\/08\/jpo\/\"><\/a><\/div><div class=\"eael-entry-thumbnail eael-image-ratio\">\n                                <img decoding=\"async\" width=\"696\" height=\"903\" src=\"https:\/\/lycee-jeanrostand.fr\/wp-content\/uploads\/2026\/01\/affiche-jpo-2026-1-789x1024.jpg\" class=\"attachment-large size-large wp-image-1593\" alt=\"\" srcset=\"https:\/\/lycee-jeanrostand.fr\/wp-content\/uploads\/2026\/01\/affiche-jpo-2026-1-789x1024.jpg 789w, https:\/\/lycee-jeanrostand.fr\/wp-content\/uploads\/2026\/01\/affiche-jpo-2026-1-231x300.jpg 231w, https:\/\/lycee-jeanrostand.fr\/wp-content\/uploads\/2026\/01\/affiche-jpo-2026-1-768x996.jpg 768w, https:\/\/lycee-jeanrostand.fr\/wp-content\/uploads\/2026\/01\/affiche-jpo-2026-1-1184x1536.jpg 1184w, https:\/\/lycee-jeanrostand.fr\/wp-content\/uploads\/2026\/01\/affiche-jpo-2026-1-1579x2048.jpg 1579w, https:\/\/lycee-jeanrostand.fr\/wp-content\/uploads\/2026\/01\/affiche-jpo-2026-1-scaled.jpg 1973w\" sizes=\"(max-width: 696px) 100vw, 696px\" \/>\n                              <\/div>\n                      <\/div><div class=\"eael-entry-wrapper\"><header class=\"eael-entry-header\"><h1 class=\"eael-entry-title\"><a class=\"eael-grid-post-link\" href=\"https:\/\/lycee-jeanrostand.fr\/index.php\/2026\/01\/08\/jpo\/\" title=\"JPO-2026\">JPO-2026<\/a><\/h1><\/header><div class=\"eael-entry-header-after style-two\"><div class=\"eael-entry-meta\"><span class=\"eael-posted-on eael-meta-posted-on\"><i class=\"far fa-clock\"><\/i><time datetime=\"8 janvier 2026\">8 janvier 2026<\/time><\/span><\/div><\/div><div class=\"eael-entry-content\">\n                                    <div class=\"eael-grid-post-excerpt\"><p>Journ\u00e9e Portes Ouvertes \u2013 Mardi 3 f\u00e9vrier 2026 8h30 \u2013...<\/p><a\n                                        href=\"https:\/\/lycee-jeanrostand.fr\/index.php\/2026\/01\/08\/jpo\/\"\n                                        class=\"eael-post-elements-readmore-btn\">Lire la suite<\/a><\/div>\n                                <\/div><\/div><\/div>\n        <\/div>\n    <\/article><\/div>\n            <div class=\"clearfix\"><\/div>\n        <\/div>\t\t\t\t<\/div>\n\t\t\t\t<\/div>\n\t\t\t\t\t<\/div>\n\t\t\t\t<\/div>\n\t\t\t\t<\/div>\n\t\t","protected":false},"excerpt":{"rendered":"<p>Bienvenue au lyc\u00e9e Jean Rostand Lyc\u00e9e Jean Rostand Le lyc\u00e9e Jean Rostand est un \u00e9tablissement public situ\u00e9 \u00e0 Villepinte, qui propose une offre de formation riche et diversifi\u00e9e, adapt\u00e9e aux parcours de chacun. Vous y trouverez : Des fili\u00e8res g\u00e9n\u00e9rales, pour une formation polyvalente ouvrant sur l\u2019enseignement sup\u00e9rieur. Deux s\u00e9ries technologiques : STMG (Sciences et [&hellip;]<\/p>\n","protected":false},"author":1,"featured_media":0,"parent":0,"menu_order":0,"comment_status":"closed","ping_status":"closed","template":"elementor_header_footer","meta":{"footnotes":""},"class_list":["post-367","page","type-page","status-publish","hentry"],"_links":{"self":[{"href":"https:\/\/lycee-jeanrostand.fr\/index.php\/wp-json\/wp\/v2\/pages\/367","targetHints":{"allow":["GET"]}}],"collection":[{"href":"https:\/\/lycee-jeanrostand.fr\/index.php\/wp-json\/wp\/v2\/pages"}],"about":[{"href":"https:\/\/lycee-jeanrostand.fr\/index.php\/wp-json\/wp\/v2\/types\/page"}],"author":[{"embeddable":true,"href":"https:\/\/lycee-jeanrostand.fr\/index.php\/wp-json\/wp\/v2\/users\/1"}],"replies":[{"embeddable":true,"href":"https:\/\/lycee-jeanrostand.fr\/index.php\/wp-json\/wp\/v2\/comments?post=367"}],"version-history":[{"count":145,"href":"https:\/\/lycee-jeanrostand.fr\/index.php\/wp-json\/wp\/v2\/pages\/367\/revisions"}],"predecessor-version":[{"id":1432,"href":"https:\/\/lycee-jeanrostand.fr\/index.php\/wp-json\/wp\/v2\/pages\/367\/revisions\/1432"}],"wp:attachment":[{"href":"https:\/\/lycee-jeanrostand.fr\/index.php\/wp-json\/wp\/v2\/media?parent=367"}],"curies":[{"name":"wp","href":"https:\/\/api.w.org\/{rel}","templated":true}]}}