{"id":845,"date":"2024-01-08T21:37:58","date_gmt":"2024-01-08T20:37:58","guid":{"rendered":"https:\/\/lycee-jeanrostand.fr\/?page_id=845"},"modified":"2024-01-08T21:38:07","modified_gmt":"2024-01-08T20:38:07","slug":"ecodelegues","status":"publish","type":"page","link":"https:\/\/lycee-jeanrostand.fr\/index.php\/ecodelegues\/","title":{"rendered":"Ecod\u00e9l\u00e9gu\u00e9s"},"content":{"rendered":"","protected":false},"excerpt":{"rendered":"","protected":false},"author":1,"featured_media":0,"parent":0,"menu_order":0,"comment_status":"closed","ping_status":"closed","template":"","meta":{"footnotes":""},"class_list":["post-845","page","type-page","status-publish","hentry"],"_links":{"self":[{"href":"https:\/\/lycee-jeanrostand.fr\/index.php\/wp-json\/wp\/v2\/pages\/845","targetHints":{"allow":["GET"]}}],"collection":[{"href":"https:\/\/lycee-jeanrostand.fr\/index.php\/wp-json\/wp\/v2\/pages"}],"about":[{"href":"https:\/\/lycee-jeanrostand.fr\/index.php\/wp-json\/wp\/v2\/types\/page"}],"author":[{"embeddable":true,"href":"https:\/\/lycee-jeanrostand.fr\/index.php\/wp-json\/wp\/v2\/users\/1"}],"replies":[{"embeddable":true,"href":"https:\/\/lycee-jeanrostand.fr\/index.php\/wp-json\/wp\/v2\/comments?post=845"}],"version-history":[{"count":4,"href":"https:\/\/lycee-jeanrostand.fr\/index.php\/wp-json\/wp\/v2\/pages\/845\/revisions"}],"predecessor-version":[{"id":850,"href":"https:\/\/lycee-jeanrostand.fr\/index.php\/wp-json\/wp\/v2\/pages\/845\/revisions\/850"}],"wp:attachment":[{"href":"https:\/\/lycee-jeanrostand.fr\/index.php\/wp-json\/wp\/v2\/media?parent=845"}],"curies":[{"name":"wp","href":"https:\/\/api.w.org\/{rel}","templated":true}]}}